{"id":2,"date":"2014-01-26T10:16:58","date_gmt":"2014-01-26T09:16:58","guid":{"rendered":"http:\/\/www.bartoskova1397.cz\/?page_id=2"},"modified":"2025-01-30T17:19:55","modified_gmt":"2025-01-30T16:19:55","slug":"uvod","status":"publish","type":"page","link":"https:\/\/www.bartoskova1397.cz\/","title":{"rendered":"\u00davod"},"content":{"rendered":"<div>\n<div style=\"color: #0000ff;\"><span style=\"color: #000000;\">Tyto webov\u00e9 str\u00e1nky slou\u017e\u00ed pro informov\u00e1n\u00ed vlastn\u00edk\u016f o aktu\u00e1ln\u00edm d\u011bn\u00ed v bytov\u00e9m dom\u011b.<br \/>\n<\/span><span style=\"color: #000000;\">V\u0161echny informace, vyv\u011b\u0161ovan\u00e9 na n\u00e1st\u011bnce v dom\u011b, najdete i na str\u00e1nce N\u00e1st\u011bnka SVJ.<\/span><\/div>\n<p><BR><br \/>\n<BR><\/p>\n<div style=\"color: #0000ff;\"><span style=\"color: #000000;\">Dal\u0161\u00ed str\u00e1nky jsou dostupn\u00e9 vlastn\u00edk\u016fm po p\u0159ihl\u00e1\u0161en\u00ed.<\/span><\/div>\n<\/div>\n","protected":false},"excerpt":{"rendered":"<p>Tyto webov\u00e9 str\u00e1nky slou\u017e\u00ed pro informov\u00e1n\u00ed vlastn\u00edk\u016f o aktu\u00e1ln\u00edm d\u011bn\u00ed v bytov\u00e9m dom\u011b. V\u0161echny informace, vyv\u011b\u0161ovan\u00e9 na n\u00e1st\u011bnce v dom\u011b, najdete i na str\u00e1nce N\u00e1st\u011bnka SVJ. Dal\u0161\u00ed str\u00e1nky jsou dostupn\u00e9 vlastn\u00edk\u016fm po p\u0159ihl\u00e1\u0161en\u00ed.<\/p>\n","protected":false},"author":1,"featured_media":0,"parent":0,"menu_order":1,"comment_status":"closed","ping_status":"closed","template":"","meta":{"_s2mail":"no","footnotes":""},"class_list":["post-2","page","type-page","status-publish","hentry"],"_links":{"self":[{"href":"https:\/\/www.bartoskova1397.cz\/index.php?rest_route=\/wp\/v2\/pages\/2","targetHints":{"allow":["GET"]}}],"collection":[{"href":"https:\/\/www.bartoskova1397.cz\/index.php?rest_route=\/wp\/v2\/pages"}],"about":[{"href":"https:\/\/www.bartoskova1397.cz\/index.php?rest_route=\/wp\/v2\/types\/page"}],"author":[{"embeddable":true,"href":"https:\/\/www.bartoskova1397.cz\/index.php?rest_route=\/wp\/v2\/users\/1"}],"replies":[{"embeddable":true,"href":"https:\/\/www.bartoskova1397.cz\/index.php?rest_route=%2Fwp%2Fv2%2Fcomments&post=2"}],"version-history":[{"count":15,"href":"https:\/\/www.bartoskova1397.cz\/index.php?rest_route=\/wp\/v2\/pages\/2\/revisions"}],"predecessor-version":[{"id":206,"href":"https:\/\/www.bartoskova1397.cz\/index.php?rest_route=\/wp\/v2\/pages\/2\/revisions\/206"}],"wp:attachment":[{"href":"https:\/\/www.bartoskova1397.cz\/index.php?rest_route=%2Fwp%2Fv2%2Fmedia&parent=2"}],"curies":[{"name":"wp","href":"https:\/\/api.w.org\/{rel}","templated":true}]}}